{"id":3572,"date":"2023-11-02T16:54:23","date_gmt":"2023-11-02T20:54:23","guid":{"rendered":"https:\/\/luminusdentaire.ca\/politique-de-confidentialite\/"},"modified":"2024-04-08T14:47:20","modified_gmt":"2024-04-08T18:47:20","slug":"privacy-policy","status":"publish","type":"page","link":"https:\/\/luminusdentaire.ca\/en\/privacy-policy\/","title":{"rendered":"Privacy Policy"},"content":{"rendered":"\t\t<div data-elementor-type=\"wp-page\" data-elementor-id=\"3572\" class=\"elementor elementor-3572 elementor-3565\" data-elementor-post-type=\"page\">\n\t\t\t\t\t\t<section class=\"elementor-section elementor-top-section elementor-element elementor-element-1b7fcb3 elementor-section-height-min-height elementor-section-stretched elementor-hidden-tablet elementor-hidden-phone elementor-section-boxed elementor-section-height-default elementor-section-items-middle\" data-id=\"1b7fcb3\" data-element_type=\"section\" data-e-type=\"section\" data-settings=\"{&quot;stretch_section&quot;:&quot;section-stretched&quot;,&quot;background_background&quot;:&quot;classic&quot;,&quot;animation&quot;:&quot;none&quot;,&quot;jet_parallax_layout_list&quot;:[{&quot;jet_parallax_layout_image&quot;:{&quot;url&quot;:&quot;&quot;,&quot;id&quot;:&quot;&quot;,&quot;size&quot;:&quot;&quot;},&quot;_id&quot;:&quot;31f4466&quot;,&quot;jet_parallax_layout_image_tablet&quot;:{&quot;url&quot;:&quot;&quot;,&quot;id&quot;:&quot;&quot;,&quot;size&quot;:&quot;&quot;},&quot;jet_parallax_layout_image_mobile&quot;:{&quot;url&quot;:&quot;&quot;,&quot;id&quot;:&quot;&quot;,&quot;size&quot;:&quot;&quot;},&quot;jet_parallax_layout_speed&quot;:{&quot;unit&quot;:&quot;%&quot;,&quot;size&quot;:50,&quot;sizes&quot;:[]},&quot;jet_parallax_layout_type&quot;:&quot;scroll&quot;,&quot;jet_parallax_layout_direction&quot;:&quot;1&quot;,&quot;jet_parallax_layout_fx_direction&quot;:null,&quot;jet_parallax_layout_z_index&quot;:&quot;&quot;,&quot;jet_parallax_layout_bg_x&quot;:50,&quot;jet_parallax_layout_bg_x_tablet&quot;:&quot;&quot;,&quot;jet_parallax_layout_bg_x_mobile&quot;:&quot;&quot;,&quot;jet_parallax_layout_bg_y&quot;:50,&quot;jet_parallax_layout_bg_y_tablet&quot;:&quot;&quot;,&quot;jet_parallax_layout_bg_y_mobile&quot;:&quot;&quot;,&quot;jet_parallax_layout_bg_size&quot;:&quot;auto&quot;,&quot;jet_parallax_layout_bg_size_tablet&quot;:&quot;&quot;,&quot;jet_parallax_layout_bg_size_mobile&quot;:&quot;&quot;,&quot;jet_parallax_layout_animation_prop&quot;:&quot;transform&quot;,&quot;jet_parallax_layout_on&quot;:[&quot;desktop&quot;,&quot;tablet&quot;]}]}\">\n\t\t\t\t\t\t\t<div class=\"elementor-background-overlay\"><\/div>\n\t\t\t\t\t\t\t<div class=\"elementor-container elementor-column-gap-default\">\n\t\t\t\t\t<div class=\"elementor-column elementor-col-50 elementor-top-column elementor-element elementor-element-fce98f1\" data-id=\"fce98f1\" data-element_type=\"column\" data-e-type=\"column\">\n\t\t\t<div class=\"elementor-widget-wrap elementor-element-populated\">\n\t\t\t\t\t\t<div class=\"elementor-element elementor-element-3d43c5f elementor-invisible elementor-widget elementor-widget-heading\" data-id=\"3d43c5f\" data-element_type=\"widget\" data-e-type=\"widget\" data-settings=\"{&quot;_animation&quot;:&quot;fadeInUp&quot;}\" data-widget_type=\"heading.default\">\n\t\t\t\t<div class=\"elementor-widget-container\">\n\t\t\t\t\t<p class=\"elementor-heading-title elementor-size-default\">PRIVACY POLICY CONSENT<\/p>\t\t\t\t<\/div>\n\t\t\t\t<\/div>\n\t\t\t\t\t<\/div>\n\t\t<\/div>\n\t\t\t\t<div class=\"elementor-column elementor-col-50 elementor-top-column elementor-element elementor-element-6f9e309\" data-id=\"6f9e309\" data-element_type=\"column\" data-e-type=\"column\">\n\t\t\t<div class=\"elementor-widget-wrap\">\n\t\t\t\t\t\t\t<\/div>\n\t\t<\/div>\n\t\t\t\t\t<\/div>\n\t\t<\/section>\n\t\t\t\t<section class=\"elementor-section elementor-top-section elementor-element elementor-element-dd17ee5 elementor-section-boxed elementor-section-height-default elementor-section-height-default\" data-id=\"dd17ee5\" data-element_type=\"section\" data-e-type=\"section\" data-settings=\"{&quot;jet_parallax_layout_list&quot;:[]}\">\n\t\t\t\t\t\t<div class=\"elementor-container elementor-column-gap-default\">\n\t\t\t\t\t<div class=\"elementor-column elementor-col-100 elementor-top-column elementor-element elementor-element-ab85fa3\" data-id=\"ab85fa3\" data-element_type=\"column\" data-e-type=\"column\">\n\t\t\t<div class=\"elementor-widget-wrap elementor-element-populated\">\n\t\t\t\t\t\t<div class=\"elementor-element elementor-element-d0afac5 elementor-widget elementor-widget-text-editor\" data-id=\"d0afac5\" data-element_type=\"widget\" data-e-type=\"widget\" data-widget_type=\"text-editor.default\">\n\t\t\t\t<div class=\"elementor-widget-container\">\n\t\t\t\t\t\t\t\t\t<div class=\"header\">Privacy Policy Consent<\/div><p>By using our website, you hereby consent to our Privacy Policy and agree to its terms.<\/p><p><b>Clinique Dentaire L\u00fcminus<\/b> reserves the right to modify this policy at any time. Any modification will be published on the <b>L\u00fcminus website<\/b>. Your use of the <b>L\u00fcminus website<\/b> following the posting of changes to the Privacy Policy constitutes acceptance of those changes.<\/p><div class=\"header\">Objectives of information collection<\/div><p>When using our website services, we collect your personal and confidential information only to enable us to provide you with the requested products\/services in an adequate and personalized manner. In all cases, the communication of your personal and confidential information will be subject to obligations to maintain confidentiality and compliance with applicable laws.<\/p><p><b>The following types of personal information may be collected, stored and used:<\/b><\/p><ul><li>Information about your computer, including your IP address, browser type and version, and operating system;<\/li><li>Information about your visits to and use of our websites including referring source, length of visit, page views, and website navigation paths;<\/li><li>Information such as your email address that you provide to us when requesting information about our products\/services;<\/li><li>Information generated during your use of our site, including when, how often and under what circumstances you use it;<\/li><li>Information contained in any communications you send to us by email or on our website, including their contents and metadata;<\/li><li>Any other personal information you provide to us.<\/li><li>\u00a0<\/li><\/ul><div class=\"header\">Cookies<\/div><p><b>Clinique Dentaire L\u00fcminus <\/b>and affiliated web services use cookies. Cookies are small data files stored on the memory of your computer or mobile device when you visit a website or application, with the aim of increasing your user experience by recording certain information data on your computer or device.<\/p><p>You can instruct your browser to refuse all cookies or to indicate when a cookie is being sent. However, if you do not accept cookies, you may not be able to use some portions of our website.<\/p><p><b>Examples of Cookies we use:<\/b><\/p><ul><li>Session Cookies. We use Session Cookies to operate our website<\/li><li>Preference Cookies. We use Preference Cookies to remember your preferences and various settings.<\/li><li>Security Cookies. We use Security Cookies for security purposes.<\/li><\/ul><div class=\"header\">Google Analytics<\/div><p>Our website uses Google Analytics, a web analytics service provided by Google, Inc. The information generated by the cookie about your use of our website (including your IP address) will be transmitted to and stored by Google. Google will use this information for the purpose of evaluating your use of our website, compiling reports on website activity for website operators and providing other services relating to website activity and internet usage. Google may also transfer this information to third parties where required to do so by law, or where such third parties process the information on Google\u2019s behalf. Google will not associate your IP address with any other data held by Google. Further information about Google\u2019s privacy policy can be seen here.<\/p><div class=\"header\">User Rights<\/div><p>Our customers have the right to:<\/p><ul><li>Request that a business that collects a consumer\u2019s personal data disclose the categories and specific pieces of personal data that a business has collected about consumers.<\/li><li>Request that a business delete any personal data about the consumer that a business has collected.<\/li><li>Request that a business that sells a consumer\u2019s personal data, not sell the consumer\u2019s personal data.<\/li><li>If you wish for <b>Clinique Dentaire L\u00fcminus<\/b> to remove and delete all of your personal contact and order information, you can request so by sending us an e-mail.<\/li><li>If you make a request, we have 30 days to respond to you.<\/li><\/ul><p>If you would like to exercise any of these rights, please contact us.<\/p><div class=\"header\">How to Contact Us<\/div><p>If you have any concerns about your information or our privacy policy, please send an e-mail to: <b>Dr. Matthew Vamvakas<\/b>, <b>Dentist<\/b> at\u00a0<a href=\"mailto:luminusdentaire@gmail.com\">luminusdentaire@gmail.com<\/a>.<\/p>\t\t\t\t\t\t\t\t<\/div>\n\t\t\t\t<\/div>\n\t\t\t\t\t<\/div>\n\t\t<\/div>\n\t\t\t\t\t<\/div>\n\t\t<\/section>\n\t\t\t\t<section class=\"elementor-section elementor-top-section elementor-element elementor-element-faaa380 elementor-section-boxed elementor-section-height-default elementor-section-height-default\" data-id=\"faaa380\" data-element_type=\"section\" data-e-type=\"section\" data-settings=\"{&quot;jet_parallax_layout_list&quot;:[]}\">\n\t\t\t\t\t\t<div class=\"elementor-container elementor-column-gap-default\">\n\t\t\t\t\t<div class=\"elementor-column elementor-col-100 elementor-top-column elementor-element elementor-element-173ea33\" data-id=\"173ea33\" data-element_type=\"column\" data-e-type=\"column\">\n\t\t\t<div class=\"elementor-widget-wrap\">\n\t\t\t\t\t\t\t<\/div>\n\t\t<\/div>\n\t\t\t\t\t<\/div>\n\t\t<\/section>\n\t\t\t\t<\/div>\n\t\t","protected":false},"excerpt":{"rendered":"<p>PRIVACY POLICY CONSENT Privacy Policy Consent By using our website, you hereby consent to our Privacy Policy and agree to its terms. Clinique Dentaire L\u00fcminus reserves the right to modify this policy at any time. Any modification will be published on the L\u00fcminus website. Your use of the L\u00fcminus website following the posting of changes [&hellip;]<\/p>\n","protected":false},"author":1,"featured_media":0,"parent":0,"menu_order":0,"comment_status":"closed","ping_status":"closed","template":"","meta":{"_acf_changed":false,"footnotes":""},"class_list":["post-3572","page","type-page","status-publish","hentry"],"acf":[],"yoast_head":"<!-- This site is optimized with the Yoast SEO plugin v27.4 - https:\/\/yoast.com\/product\/yoast-seo-wordpress\/ -->\n<title>Privacy Policy - L\u00fcminus clinique dentaire Blainville<\/title>\n<meta name=\"robots\" content=\"index, follow, max-snippet:-1, max-image-preview:large, max-video-preview:-1\" \/>\n<link rel=\"canonical\" href=\"https:\/\/luminusdentaire.ca\/en\/privacy-policy\/\" \/>\n<meta property=\"og:locale\" content=\"en_US\" \/>\n<meta property=\"og:type\" content=\"article\" \/>\n<meta property=\"og:title\" content=\"Privacy Policy - L\u00fcminus clinique dentaire Blainville\" \/>\n<meta property=\"og:description\" content=\"PRIVACY POLICY CONSENT Privacy Policy Consent By using our website, you hereby consent to our Privacy Policy and agree to its terms. Clinique Dentaire L\u00fcminus reserves the right to modify this policy at any time. Any modification will be published on the L\u00fcminus website. Your use of the L\u00fcminus website following the posting of changes [&hellip;]\" \/>\n<meta property=\"og:url\" content=\"https:\/\/luminusdentaire.ca\/en\/privacy-policy\/\" \/>\n<meta property=\"og:site_name\" content=\"L\u00fcminus clinique dentaire Blainville\" \/>\n<meta property=\"article:modified_time\" content=\"2024-04-08T18:47:20+00:00\" \/>\n<meta name=\"twitter:card\" content=\"summary_large_image\" \/>\n<meta name=\"twitter:label1\" content=\"Est. reading time\" \/>\n\t<meta name=\"twitter:data1\" content=\"3 minutes\" \/>\n<script type=\"application\/ld+json\" class=\"yoast-schema-graph\">{\"@context\":\"https:\\\/\\\/schema.org\",\"@graph\":[{\"@type\":\"WebPage\",\"@id\":\"https:\\\/\\\/luminusdentaire.ca\\\/en\\\/privacy-policy\\\/\",\"url\":\"https:\\\/\\\/luminusdentaire.ca\\\/en\\\/privacy-policy\\\/\",\"name\":\"Privacy Policy - L\u00fcminus clinique dentaire Blainville\",\"isPartOf\":{\"@id\":\"https:\\\/\\\/luminusdentaire.ca\\\/en\\\/#website\"},\"datePublished\":\"2023-11-02T20:54:23+00:00\",\"dateModified\":\"2024-04-08T18:47:20+00:00\",\"breadcrumb\":{\"@id\":\"https:\\\/\\\/luminusdentaire.ca\\\/en\\\/privacy-policy\\\/#breadcrumb\"},\"inLanguage\":\"en-US\",\"potentialAction\":[{\"@type\":\"ReadAction\",\"target\":[\"https:\\\/\\\/luminusdentaire.ca\\\/en\\\/privacy-policy\\\/\"]}]},{\"@type\":\"BreadcrumbList\",\"@id\":\"https:\\\/\\\/luminusdentaire.ca\\\/en\\\/privacy-policy\\\/#breadcrumb\",\"itemListElement\":[{\"@type\":\"ListItem\",\"position\":1,\"name\":\"Home\",\"item\":\"https:\\\/\\\/luminusdentaire.ca\\\/en\\\/\"},{\"@type\":\"ListItem\",\"position\":2,\"name\":\"Privacy Policy\"}]},{\"@type\":\"WebSite\",\"@id\":\"https:\\\/\\\/luminusdentaire.ca\\\/en\\\/#website\",\"url\":\"https:\\\/\\\/luminusdentaire.ca\\\/en\\\/\",\"name\":\"L\u00fcminus clinique dentaire Blainville\",\"description\":\"Par Dr. Vamvakas\",\"potentialAction\":[{\"@type\":\"SearchAction\",\"target\":{\"@type\":\"EntryPoint\",\"urlTemplate\":\"https:\\\/\\\/luminusdentaire.ca\\\/en\\\/?s={search_term_string}\"},\"query-input\":{\"@type\":\"PropertyValueSpecification\",\"valueRequired\":true,\"valueName\":\"search_term_string\"}}],\"inLanguage\":\"en-US\"}]}<\/script>\n<!-- \/ Yoast SEO plugin. -->","yoast_head_json":{"title":"Privacy Policy - L\u00fcminus clinique dentaire Blainville","robots":{"index":"index","follow":"follow","max-snippet":"max-snippet:-1","max-image-preview":"max-image-preview:large","max-video-preview":"max-video-preview:-1"},"canonical":"https:\/\/luminusdentaire.ca\/en\/privacy-policy\/","og_locale":"en_US","og_type":"article","og_title":"Privacy Policy - L\u00fcminus clinique dentaire Blainville","og_description":"PRIVACY POLICY CONSENT Privacy Policy Consent By using our website, you hereby consent to our Privacy Policy and agree to its terms. Clinique Dentaire L\u00fcminus reserves the right to modify this policy at any time. Any modification will be published on the L\u00fcminus website. Your use of the L\u00fcminus website following the posting of changes [&hellip;]","og_url":"https:\/\/luminusdentaire.ca\/en\/privacy-policy\/","og_site_name":"L\u00fcminus clinique dentaire Blainville","article_modified_time":"2024-04-08T18:47:20+00:00","twitter_card":"summary_large_image","twitter_misc":{"Est. reading time":"3 minutes"},"schema":{"@context":"https:\/\/schema.org","@graph":[{"@type":"WebPage","@id":"https:\/\/luminusdentaire.ca\/en\/privacy-policy\/","url":"https:\/\/luminusdentaire.ca\/en\/privacy-policy\/","name":"Privacy Policy - L\u00fcminus clinique dentaire Blainville","isPartOf":{"@id":"https:\/\/luminusdentaire.ca\/en\/#website"},"datePublished":"2023-11-02T20:54:23+00:00","dateModified":"2024-04-08T18:47:20+00:00","breadcrumb":{"@id":"https:\/\/luminusdentaire.ca\/en\/privacy-policy\/#breadcrumb"},"inLanguage":"en-US","potentialAction":[{"@type":"ReadAction","target":["https:\/\/luminusdentaire.ca\/en\/privacy-policy\/"]}]},{"@type":"BreadcrumbList","@id":"https:\/\/luminusdentaire.ca\/en\/privacy-policy\/#breadcrumb","itemListElement":[{"@type":"ListItem","position":1,"name":"Home","item":"https:\/\/luminusdentaire.ca\/en\/"},{"@type":"ListItem","position":2,"name":"Privacy Policy"}]},{"@type":"WebSite","@id":"https:\/\/luminusdentaire.ca\/en\/#website","url":"https:\/\/luminusdentaire.ca\/en\/","name":"L\u00fcminus clinique dentaire Blainville","description":"Par Dr. Vamvakas","potentialAction":[{"@type":"SearchAction","target":{"@type":"EntryPoint","urlTemplate":"https:\/\/luminusdentaire.ca\/en\/?s={search_term_string}"},"query-input":{"@type":"PropertyValueSpecification","valueRequired":true,"valueName":"search_term_string"}}],"inLanguage":"en-US"}]}},"_links":{"self":[{"href":"https:\/\/luminusdentaire.ca\/en\/wp-json\/wp\/v2\/pages\/3572","targetHints":{"allow":["GET"]}}],"collection":[{"href":"https:\/\/luminusdentaire.ca\/en\/wp-json\/wp\/v2\/pages"}],"about":[{"href":"https:\/\/luminusdentaire.ca\/en\/wp-json\/wp\/v2\/types\/page"}],"author":[{"embeddable":true,"href":"https:\/\/luminusdentaire.ca\/en\/wp-json\/wp\/v2\/users\/1"}],"replies":[{"embeddable":true,"href":"https:\/\/luminusdentaire.ca\/en\/wp-json\/wp\/v2\/comments?post=3572"}],"version-history":[{"count":26,"href":"https:\/\/luminusdentaire.ca\/en\/wp-json\/wp\/v2\/pages\/3572\/revisions"}],"predecessor-version":[{"id":3991,"href":"https:\/\/luminusdentaire.ca\/en\/wp-json\/wp\/v2\/pages\/3572\/revisions\/3991"}],"wp:attachment":[{"href":"https:\/\/luminusdentaire.ca\/en\/wp-json\/wp\/v2\/media?parent=3572"}],"curies":[{"name":"wp","href":"https:\/\/api.w.org\/{rel}","templated":true}]}}